{"id":90,"date":"2024-09-29T11:59:11","date_gmt":"2024-09-29T11:59:11","guid":{"rendered":"https:\/\/www.caslava.cz\/?page_id=90"},"modified":"2025-12-03T19:24:06","modified_gmt":"2025-12-03T19:24:06","slug":"90-2","status":"publish","type":"page","link":"https:\/\/www.caslava.cz\/?page_id=90","title":{"rendered":""},"content":{"rendered":"\n<div class=\"wp-block-group\"><div class=\"wp-block-group__inner-container is-layout-constrained wp-block-group-is-layout-constrained\">\n<p class=\"has-text-align-left has-secondary-color has-text-color has-superbfont-small-font-size\">Narodil jsem se 1979 v Kol\u00edn\u011b, kde st\u00e1le \u017eiji.<br><br>Studoval jsem (nep\u0159\u00edli\u0161 \u00fasp\u011b\u0161n\u011b) SO\u0160 informatiky a spoj\u016f, pak jsem se pokusil studovat ekonomii na v\u00fd\u0161ce v Praze (tentokr\u00e1t \u00fapln\u011b ne\u00fasp\u011b\u0161n\u011b).<br><br><strong>1997<\/strong> jsem zalo\u017eil sci-fi klub Rauko.<br><br><strong>1999\/2000<\/strong> jsem vlastnil knihkupectv\u00ed s \u017e\u00e1nrovou literaturou a spole\u010densk\u00fdmi hrami.<br><br><strong>1999\/2000\/2001<\/strong> jsem spole\u010dn\u011b s <a href=\"http:\/\/www.cswu.cz\/\" data-type=\"link\" data-id=\"http:\/\/www.cswu.cz\/\" target=\"_blank\" rel=\"noreferrer noopener\">Czech Star Wars Universe<\/a> po\u0159\u00e1dal prvn\u00ed ve\u0159ejn\u00e9 setk\u00e1n\u00ed fanou\u0161k\u016f Star Wars v \u010cR.<br><br><strong>2003<\/strong> jsem spole\u010dn\u011b s Franti\u0161ekem Greben\u00ed\u010dkem a Jirkou P\u0159ibylem zalo\u017eil <a href=\"http:\/\/www.origami-cos.cz\/\" data-type=\"link\" data-id=\"http:\/\/www.origami-cos.cz\/\" target=\"_blank\" rel=\"noreferrer noopener\">\u010ceskou origami spole\u010dnost<\/a>.<\/p>\n\n\n\n<p class=\"has-text-align-left has-secondary-color has-text-color has-superbfont-small-font-size\"><strong>2005\/2007\/2009\/2010<\/strong> jsem v\u017edy na n\u011bkolik t\u00fddn\u016f odjel do \u010c\u00edny kv\u016fli studiu tradi\u010dn\u00edch \u010d\u00ednsk\u00fdch bojov\u00fdch um\u011bn\u00ed.<br><br>Od roku <strong>2006<\/strong> do roku <strong>2019<\/strong> jsem studoval Taichi Preying Mantis, Fu Jow Pai, Hung Gar a Yang Style Taichi pod veden\u00edm sifu <a href=\"https:\/\/mantiskungfu.cz\/cs\/skola\/\" data-type=\"link\" data-id=\"https:\/\/mantiskungfu.cz\/cs\/skola\/\" target=\"_blank\" rel=\"noreferrer noopener\">George Huska<\/a>. Ve stejn\u00e9m obdob\u00ed jsem zalo\u017eil a vedl \u0161kolu tradi\u010dn\u00edch bojov\u00fdch um\u011bn\u00ed 1000 had\u016f.<br><br>N\u011bkde mezi t\u00edm jsem se za\u010dal \u017eivit jako fotograf a kameraman, posl\u00e9ze v IT pro automotive a nakonec jsem skon\u010dil v deskohern\u00edm pr\u016fmyslu &#8211; konkr\u00e9tn\u011b ve vydavatelstv\u00ed <a href=\"https:\/\/czechgames.com\/\" data-type=\"link\" data-id=\"https:\/\/czechgames.com\/\" target=\"_blank\" rel=\"noreferrer noopener\">Czech Games Edition<\/a> jako marketing specialist, game developer a game scout.<br><br><strong>2012 &#8211; 2023<\/strong> jsem byl \u0161\u00e9fredaktorem (a spoluzakladatelem) youtube kan\u00e1lu <a href=\"https:\/\/www.deskofobie.cz\/\" data-type=\"link\" data-id=\"https:\/\/www.deskofobie.cz\/\" target=\"_blank\" rel=\"noreferrer noopener\">Deskofobie<\/a> v\u011bnuj\u00edc\u00edmu se deskov\u00fdm hr\u00e1m.<br><br><strong>2023<\/strong> mi vy\u0161la moje prvn\u00ed deskov\u00e1 hra <a href=\"https:\/\/boardgamegeek.com\/boardgame\/385610\/kutna-hora-the-city-of-silver\" data-type=\"link\" data-id=\"https:\/\/boardgamegeek.com\/boardgame\/385610\/kutna-hora-the-city-of-silver\" target=\"_blank\" rel=\"noreferrer noopener\">Kutn\u00e1 Hora: The City of Silver<\/a>, vytvo\u0159en\u00e1 ve spolupr\u00e1ci s Ond\u0159ejem Bystron\u011bm a Pavlem Jaroschem. Hra vyhr\u00e1la n\u011bkolik cen, nap\u0159\u00edklad Trol\u00ed palec \u010di As D\u00b4Or.<br><br><strong>2025<\/strong> jsem pod vydavatelstv\u00edm Albi p\u0159ipravil deskovou hru <a href=\"https:\/\/boardgamegeek.com\/boardgame\/432715\/dirt-and-dust\">Dirt &amp; Dust<\/a> o rally z\u00e1vodech. Tak\u00e9 jsem publikoval zdarma \u0161tychovou hru <a href=\"https:\/\/boardgamegeek.com\/boardgame\/454829\/potemkin-villages\">Potemkin Villages<\/a>, kter\u00e1 vyhr\u00e1la druh\u00e9 m\u00edsto za art, t\u0159et\u00ed m\u00edsto v kategorii kooperativn\u00edch her a t\u0159et\u00ed m\u00edsto jako nejlep\u0161\u00ed hra v sout\u011b\u017e\u00ed 54-Card Game Design Contest.<\/p>\n\n\n\n<hr class=\"wp-block-separator has-alpha-channel-opacity\"\/>\n<\/div><\/div>\n\n\n\n<div class=\"wp-block-group\"><div class=\"wp-block-group__inner-container is-layout-constrained wp-block-group-is-layout-constrained\">\n<div class=\"wp-block-group has-base-background-color has-background is-nowrap is-layout-flex wp-container-core-group-is-layout-1eadfc1f wp-block-group-is-layout-flex\" style=\"border-style:none;border-width:0px;border-radius:0px;padding-top:0;padding-right:0;padding-bottom:0;padding-left:0\"><div class=\"wp-block-image\">\n<figure class=\"aligncenter size-large is-resized\"><img decoding=\"async\" src=\"https:\/\/www.caslava.cz\/wp-content\/uploads\/2024\/09\/icon-email.png\" alt=\"\" style=\"width:32px;height:32px\"\/><\/figure>\n<\/div>\n\n\n<p class=\"has-superbfont-small-font-size\"><a href=\"mailto:petr@caslava.cz\">petr@caslava.cz<\/a><\/p>\n<\/div>\n\n\n\n<ul class=\"wp-block-social-links has-icon-color has-icon-background-color is-layout-flex wp-block-social-links-is-layout-flex\"><li style=\"color:#000000;background-color:#ffffff;\" class=\"wp-social-link wp-social-link-facebook has-black-color has-white-background-color wp-block-social-link\"><a href=\"https:\/\/www.facebook.com\/petr.caslava\/\" class=\"wp-block-social-link-anchor\"><svg width=\"24\" height=\"24\" viewBox=\"0 0 24 24\" version=\"1.1\" xmlns=\"http:\/\/www.w3.org\/2000\/svg\" aria-hidden=\"true\" focusable=\"false\"><path d=\"M12 2C6.5 2 2 6.5 2 12c0 5 3.7 9.1 8.4 9.9v-7H7.9V12h2.5V9.8c0-2.5 1.5-3.9 3.8-3.9 1.1 0 2.2.2 2.2.2v2.5h-1.3c-1.2 0-1.6.8-1.6 1.6V12h2.8l-.4 2.9h-2.3v7C18.3 21.1 22 17 22 12c0-5.5-4.5-10-10-10z\"><\/path><\/svg><span class=\"wp-block-social-link-label screen-reader-text\">Facebook<\/span><\/a><\/li>\n\n<li style=\"color:#000000;background-color:#ffffff;\" class=\"wp-social-link wp-social-link-linkedin has-black-color has-white-background-color wp-block-social-link\"><a href=\"https:\/\/www.linkedin.com\/in\/pcaslava\/\" class=\"wp-block-social-link-anchor\"><svg width=\"24\" height=\"24\" viewBox=\"0 0 24 24\" version=\"1.1\" xmlns=\"http:\/\/www.w3.org\/2000\/svg\" aria-hidden=\"true\" focusable=\"false\"><path d=\"M19.7,3H4.3C3.582,3,3,3.582,3,4.3v15.4C3,20.418,3.582,21,4.3,21h15.4c0.718,0,1.3-0.582,1.3-1.3V4.3 C21,3.582,20.418,3,19.7,3z M8.339,18.338H5.667v-8.59h2.672V18.338z M7.004,8.574c-0.857,0-1.549-0.694-1.549-1.548 c0-0.855,0.691-1.548,1.549-1.548c0.854,0,1.547,0.694,1.547,1.548C8.551,7.881,7.858,8.574,7.004,8.574z M18.339,18.338h-2.669 v-4.177c0-0.996-0.017-2.278-1.387-2.278c-1.389,0-1.601,1.086-1.601,2.206v4.249h-2.667v-8.59h2.559v1.174h0.037 c0.356-0.675,1.227-1.387,2.526-1.387c2.703,0,3.203,1.779,3.203,4.092V18.338z\"><\/path><\/svg><span class=\"wp-block-social-link-label screen-reader-text\">LinkedIn<\/span><\/a><\/li>\n\n\n\n<li style=\"color:#000000;background-color:#ffffff;\" class=\"wp-social-link wp-social-link-threads has-black-color has-white-background-color wp-block-social-link\"><a href=\"https:\/\/www.threads.net\/@petrcaslava\" class=\"wp-block-social-link-anchor\"><svg width=\"24\" height=\"24\" viewBox=\"0 0 24 24\" version=\"1.1\" xmlns=\"http:\/\/www.w3.org\/2000\/svg\" aria-hidden=\"true\" focusable=\"false\"><path d=\"M16.3 11.3c-.1 0-.2-.1-.2-.1-.1-2.6-1.5-4-3.9-4-1.4 0-2.6.6-3.3 1.7l1.3.9c.5-.8 1.4-1 2-1 .8 0 1.4.2 1.7.7.3.3.5.8.5 1.3-.7-.1-1.4-.2-2.2-.1-2.2.1-3.7 1.4-3.6 3.2 0 .9.5 1.7 1.3 2.2.7.4 1.5.6 2.4.6 1.2-.1 2.1-.5 2.7-1.3.5-.6.8-1.4.9-2.4.6.3 1 .8 1.2 1.3.4.9.4 2.4-.8 3.6-1.1 1.1-2.3 1.5-4.3 1.5-2.1 0-3.8-.7-4.8-2S5.7 14.3 5.7 12c0-2.3.5-4.1 1.5-5.4 1.1-1.3 2.7-2 4.8-2 2.2 0 3.8.7 4.9 2 .5.7.9 1.5 1.2 2.5l1.5-.4c-.3-1.2-.8-2.2-1.5-3.1-1.3-1.7-3.3-2.6-6-2.6-2.6 0-4.7.9-6 2.6C4.9 7.2 4.3 9.3 4.3 12s.6 4.8 1.9 6.4c1.4 1.7 3.4 2.6 6 2.6 2.3 0 4-.6 5.3-2 1.8-1.8 1.7-4 1.1-5.4-.4-.9-1.2-1.7-2.3-2.3zm-4 3.8c-1 .1-2-.4-2-1.3 0-.7.5-1.5 2.1-1.6h.5c.6 0 1.1.1 1.6.2-.2 2.3-1.3 2.7-2.2 2.7z\"\/><\/svg><span class=\"wp-block-social-link-label screen-reader-text\">Threads<\/span><\/a><\/li><\/ul>\n<\/div><\/div>\n","protected":false},"excerpt":{"rendered":"<p>Narodil jsem se 1979 v Kol\u00edn\u011b, kde st\u00e1le \u017eiji. Studoval jsem (nep\u0159\u00edli\u0161 \u00fasp\u011b\u0161n\u011b) SO\u0160 informatiky a spoj\u016f, pak jsem se pokusil studovat ekonomii na v\u00fd\u0161ce v Praze (tentokr\u00e1t \u00fapln\u011b ne\u00fasp\u011b\u0161n\u011b). 1997 jsem zalo\u017eil sci-fi klub Rauko. 1999\/2000 jsem vlastnil knihkupectv\u00ed s \u017e\u00e1nrovou literaturou a spole\u010densk\u00fdmi hrami. 1999\/2000\/2001 jsem spole\u010dn\u011b s Czech Star Wars Universe po\u0159\u00e1dal&#8230;<\/p>\n","protected":false},"author":2,"featured_media":0,"parent":0,"menu_order":0,"comment_status":"closed","ping_status":"closed","template":"","meta":{"footnotes":""},"class_list":["post-90","page","type-page","status-publish","hentry"],"_links":{"self":[{"href":"https:\/\/www.caslava.cz\/index.php?rest_route=\/wp\/v2\/pages\/90","targetHints":{"allow":["GET"]}}],"collection":[{"href":"https:\/\/www.caslava.cz\/index.php?rest_route=\/wp\/v2\/pages"}],"about":[{"href":"https:\/\/www.caslava.cz\/index.php?rest_route=\/wp\/v2\/types\/page"}],"author":[{"embeddable":true,"href":"https:\/\/www.caslava.cz\/index.php?rest_route=\/wp\/v2\/users\/2"}],"replies":[{"embeddable":true,"href":"https:\/\/www.caslava.cz\/index.php?rest_route=%2Fwp%2Fv2%2Fcomments&post=90"}],"version-history":[{"count":29,"href":"https:\/\/www.caslava.cz\/index.php?rest_route=\/wp\/v2\/pages\/90\/revisions"}],"predecessor-version":[{"id":344,"href":"https:\/\/www.caslava.cz\/index.php?rest_route=\/wp\/v2\/pages\/90\/revisions\/344"}],"wp:attachment":[{"href":"https:\/\/www.caslava.cz\/index.php?rest_route=%2Fwp%2Fv2%2Fmedia&parent=90"}],"curies":[{"name":"wp","href":"https:\/\/api.w.org\/{rel}","templated":true}]}}